{"id":11299,"date":"2025-09-12T09:34:19","date_gmt":"2025-09-12T07:34:19","guid":{"rendered":"https:\/\/adeline-trenkenschuh.de\/?post_type=product&#038;p=11299"},"modified":"2025-10-14T13:14:33","modified_gmt":"2025-10-14T11:14:33","slug":"korean-lashlifting-online-kurs-2-0","status":"publish","type":"product","link":"https:\/\/adeline-trenkenschuh.de\/de_de\/product\/korean-lashlifting-online-kurs-2-0","title":{"rendered":"Korean Lashlifting Online Kurs 2.0"},"content":{"rendered":"<h2>Entdecke die neueste Technik im Lashlifting \u2013 jetzt online lernen!<\/h2>\n<p>Der Korean Lashlifting Online Kurs von Adeline Trenkenschuh vermittelt dir die revolution\u00e4re Methode aus Korea, die derzeit den Beauty-Markt erobert. Perfekt f\u00fcr alle Lash-Stylistinnen mit Vorkenntnissen, die ihr Studioangebot erweitern und Kund*innen mit spektakul\u00e4ren Ergebnissen begeistern m\u00f6chten.<\/p>\n<h2>Das erwartet dich im Kurs:<\/h2>\n<ul>\n<li>Step-by-Step Anleitung zum gesamten Behandlungsablauf<\/li>\n<li>3 komplette Behandlungsvideos f\u00fcr maximale Praxisn\u00e4he<\/li>\n<li>Neue Lektionen, Grafiken &amp; Methoden (Update ab September 2025)<\/li>\n<li>Padwahltabelle &amp; Powdermix Anwendungen verst\u00e4ndlich erkl\u00e4rt<\/li>\n<li>Tipps zum Lash Check f\u00fcr perfekte Ergebnisse<\/li>\n<li>Exklusive Downloads zum Ausdrucken f\u00fcr dein Studio<\/li>\n<li>Vorstellung neuer Produkte (z. B. pH Regulator, Goggles u. v. m.)<\/li>\n<li>Rabatt-Codes f\u00fcr wichtige Produkte<\/li>\n<li>Offizielles Zertifikat von Adeline<\/li>\n<\/ul>\n<p>&nbsp;<\/p>\n<h2>Deine Vorteile:<\/h2>\n<ul>\n<li>Lerne von Adeline Trenkenschuh, der ersten deutschen Trainerin, die den Korean Lashlifting Kurs auf den Markt gebracht hat<\/li>\n<li>Erhalte praxisnahe Tipps &amp; Tricks, die du direkt im Studio umsetzen kannst<\/li>\n<li>St\u00e4rke dein Selbstbewusstsein \u2013 auch Problemwimpern meisterst du nach dem Kurs souver\u00e4n<\/li>\n<li>Sei eine der Ersten in Deutschland, die das Korean Lashlifting anbieten \u2013 und sichere dir damit einen klaren Wettbewerbsvorteil<\/li>\n<li>Profitiere doppelt: Beim Buchen des Lashlifting Perfektionskurses wird dir die Kursgeb\u00fchr vollst\u00e4ndig als Gutschein angerechnet<\/li>\n<\/ul>\n<h2>Wichtig:<\/h2>\n<ul>\n<li>Vorkenntnisse in Lashlifting und Padwahl werden vorausgesetzt<\/li>\n<li>Nach der Buchung hast du 3 Monate Zugriff auf alle Inhalte und kannst in dieser Zeit dein Zertifikat erhalten<\/li>\n<\/ul>\n","protected":false},"excerpt":{"rendered":"<p data-start=\"155\" data-end=\"425\">Lerne die innovative Korean Lashlifting Methode (jetzt 2.0) online \u2013 mit Videos, Downloads und Zertifikat. Perfekt f\u00fcr Lash-Stylistinnen mit Vorkenntnissen, die ihr Studioangebot erweitern und Kund*innen mit spektakul\u00e4ren Ergebnissen begeistern wollen.<\/p>\n","protected":false},"featured_media":11936,"template":"","meta":[],"product_brand":[],"product_cat":[94],"product_tag":[],"class_list":{"0":"post-11299","1":"product","2":"type-product","3":"status-publish","4":"has-post-thumbnail","6":"product_cat-korean-lashlifting","8":"first","9":"instock","10":"downloadable","11":"virtual","12":"taxable","13":"purchasable","14":"product-type-simple"},"_links":{"self":[{"href":"https:\/\/adeline-trenkenschuh.de\/de_de\/wp-json\/wp\/v2\/product\/11299","targetHints":{"allow":["GET"]}}],"collection":[{"href":"https:\/\/adeline-trenkenschuh.de\/de_de\/wp-json\/wp\/v2\/product"}],"about":[{"href":"https:\/\/adeline-trenkenschuh.de\/de_de\/wp-json\/wp\/v2\/types\/product"}],"version-history":[{"count":0,"href":"https:\/\/adeline-trenkenschuh.de\/de_de\/wp-json\/wp\/v2\/product\/11299\/revisions"}],"wp:featuredmedia":[{"embeddable":true,"href":"https:\/\/adeline-trenkenschuh.de\/de_de\/wp-json\/wp\/v2\/media\/11936"}],"wp:attachment":[{"href":"https:\/\/adeline-trenkenschuh.de\/de_de\/wp-json\/wp\/v2\/media?parent=11299"}],"wp:term":[{"taxonomy":"product_brand","embeddable":true,"href":"https:\/\/adeline-trenkenschuh.de\/de_de\/wp-json\/wp\/v2\/product_brand?post=11299"},{"taxonomy":"product_cat","embeddable":true,"href":"https:\/\/adeline-trenkenschuh.de\/de_de\/wp-json\/wp\/v2\/product_cat?post=11299"},{"taxonomy":"product_tag","embeddable":true,"href":"https:\/\/adeline-trenkenschuh.de\/de_de\/wp-json\/wp\/v2\/product_tag?post=11299"}],"curies":[{"name":"wp","href":"https:\/\/api.w.org\/{rel}","templated":true}]}}