{"id":14295,"date":"2026-03-31T17:35:20","date_gmt":"2026-03-31T15:35:20","guid":{"rendered":"https:\/\/adeline-trenkenschuh.de\/?post_type=product&#038;p=14295"},"modified":"2026-05-01T04:58:18","modified_gmt":"2026-05-01T02:58:18","slug":"hygieneschulung-digitaler-download","status":"publish","type":"product","link":"https:\/\/adeline-trenkenschuh.de\/de_de\/product\/hygieneschulung-digitaler-download","title":{"rendered":"Hygieneschulung digitaler Download"},"content":{"rendered":"<h1 data-start=\"449\" data-end=\"522\">Hygiene Schulung Beauty Studio \u2013 Digitaler Download<\/h1>\n<h2 data-start=\"449\" data-end=\"522\">Weiterbildung f\u00fcr Kosmetikstudios<\/h2>\n<div dir=\"ltr\">\n<p data-start=\"373\" data-end=\"728\">Die Hygiene Schulung f\u00fcr Beauty Studios hilft dir dabei, dein Studio hygienisch, professionell und gesetzeskonform zu f\u00fchren. In dieser praxisnahen Schulung lernst du die wichtigsten Hygienevorschriften f\u00fcr Kosmetikstudios, den richtigen Umgang mit Desinfektion und wie du dich optimal auf eine Kontrolle durch das Gesundheitsamt vorbereitest.<\/p>\n<p data-start=\"730\" data-end=\"922\">Die Inhalte wurden speziell f\u00fcr Beauty Professionals entwickelt \u2013 darunter Kosmetikstudios, Lash Artists, Nagelstudios, PMU Artists, Microblading Studios und Beauty Artists im Home Studio.<\/p>\n<p data-start=\"924\" data-end=\"1046\">Du erh\u00e4ltst ein Hygiene Workbook, praktische Studio-Vorlagen, Video-Erkl\u00e4rungen und ein Quiz mit Teilnahme-Zertifikat.<\/p>\n<\/div>\n<h2 data-section-id=\"1nysrl2\" data-start=\"1154\" data-end=\"1179\">Warum diese Schulung?<\/h2>\n<p data-start=\"1181\" data-end=\"1375\">\u2714 Praxisnahe Hygiene-Regeln f\u00fcr Beauty Studios<br data-start=\"1227\" data-end=\"1230\" \/>\u2714 Vorbereitung auf Gesundheitsamt-Kontrollen<br data-start=\"1274\" data-end=\"1277\" \/>\u2714 Sofort nutzbare Hygienepl\u00e4ne und Checklisten<br data-start=\"1323\" data-end=\"1326\" \/>\u2714 Verst\u00e4ndlich erkl\u00e4rt f\u00fcr Beauty Professionals<\/p>\n","protected":false},"excerpt":{"rendered":"<p>Hygiene Schulung Beauty Studio als digitaler Download f\u00fcr Kosmetikstudios und Beauty Professionals. Lerne Hygienevorschriften, Desinfektion und die Vorbereitung auf Gesundheitsamt-Kontrollen.<\/p>\n","protected":false},"featured_media":14298,"template":"","meta":[],"product_brand":[],"product_cat":[44],"product_tag":[42,43],"class_list":{"0":"post-14295","1":"product","2":"type-product","3":"status-publish","4":"has-post-thumbnail","6":"product_cat-digital-2","7":"product_tag-kundenfragebogen","8":"product_tag-lashlifting","10":"first","11":"instock","12":"downloadable","13":"virtual","14":"taxable","15":"purchasable","16":"product-type-simple"},"_links":{"self":[{"href":"https:\/\/adeline-trenkenschuh.de\/de_de\/wp-json\/wp\/v2\/product\/14295","targetHints":{"allow":["GET"]}}],"collection":[{"href":"https:\/\/adeline-trenkenschuh.de\/de_de\/wp-json\/wp\/v2\/product"}],"about":[{"href":"https:\/\/adeline-trenkenschuh.de\/de_de\/wp-json\/wp\/v2\/types\/product"}],"version-history":[{"count":3,"href":"https:\/\/adeline-trenkenschuh.de\/de_de\/wp-json\/wp\/v2\/product\/14295\/revisions"}],"predecessor-version":[{"id":14329,"href":"https:\/\/adeline-trenkenschuh.de\/de_de\/wp-json\/wp\/v2\/product\/14295\/revisions\/14329"}],"wp:featuredmedia":[{"embeddable":true,"href":"https:\/\/adeline-trenkenschuh.de\/de_de\/wp-json\/wp\/v2\/media\/14298"}],"wp:attachment":[{"href":"https:\/\/adeline-trenkenschuh.de\/de_de\/wp-json\/wp\/v2\/media?parent=14295"}],"wp:term":[{"taxonomy":"product_brand","embeddable":true,"href":"https:\/\/adeline-trenkenschuh.de\/de_de\/wp-json\/wp\/v2\/product_brand?post=14295"},{"taxonomy":"product_cat","embeddable":true,"href":"https:\/\/adeline-trenkenschuh.de\/de_de\/wp-json\/wp\/v2\/product_cat?post=14295"},{"taxonomy":"product_tag","embeddable":true,"href":"https:\/\/adeline-trenkenschuh.de\/de_de\/wp-json\/wp\/v2\/product_tag?post=14295"}],"curies":[{"name":"wp","href":"https:\/\/api.w.org\/{rel}","templated":true}]}}