{"id":4592,"date":"2024-02-14T20:49:24","date_gmt":"2024-02-14T19:49:24","guid":{"rendered":"https:\/\/adeline-trenkenschuh.de\/?post_type=product&#038;p=4592"},"modified":"2024-12-04T12:02:18","modified_gmt":"2024-12-04T11:02:18","slug":"microblading-mit-nachbehandlung","status":"publish","type":"product","link":"https:\/\/adeline-trenkenschuh.de\/de_de\/product\/microblading-mit-nachbehandlung","title":{"rendered":"Microblading mit Nachbehandlung"},"content":{"rendered":"<p><strong>Sorglos sch\u00f6n: Microblading mit Nachbehandlung<\/strong><\/p>\n<p>Mit diesem Gutschein schenkst du absolute Sicherheit. Das Microblading beinhaltet eine Nachbehandlung, um das Ergebnis zu perfektionieren und langanhaltende Freude zu garantieren.<\/p>\n<p><strong>Highlights:<\/strong><\/p>\n<ul>\n<li><strong>Optimales Ergebnis:<\/strong>Zweite Sitzung zur Feinabstimmung der H\u00e4rchenzeichnung<\/li>\n<li><strong>Sorglos-Paket:<\/strong>Nachbehandlung f\u00fcr ein perfektes und langanhaltendes Ergebnis<\/li>\n<li><strong>Exklusiver Service:<\/strong>Individuelle Beratung und Betreuung durch Adeline<\/li>\n<\/ul>\n<p><strong>Das perfekte Geschenk f\u00fcr h\u00f6chste Anspr\u00fcche!<\/strong><\/p>\n<p><strong>Es handelt sich hier um die Behandlung: Microblading mit Nachbehandlung. Der Gutschein gilt f\u00fcr die ganze Behandlung und Nachbehandlung und ist ein Jahr nach Kauf g\u00fcltig. Gutscheine sind vom Umtausch ausgeschlossen und k\u00f6nnen nicht ausgezahlt werden.<\/strong><\/p>\n<p><strong>\u00a0<\/strong><\/p>\n<p><strong>Wie funktioniert es?<\/strong><\/p>\n<ul>\n<li><strong>Gutschein ausw\u00e4hlen &amp; bestellen<\/strong><\/li>\n<li><strong>Code per E-Mail erhalten und gut aufheben<\/strong><\/li>\n<li><strong>Termin bei Adeline anfragen und den Code mitbringen<\/strong><\/li>\n<\/ul>\n","protected":false},"excerpt":{"rendered":"<p>Sorglos sch\u00f6n: Microblading mit Nachbehandlung Mit diesem Gutschein schenkst du absolute Sicherheit. Das Microblading beinhaltet eine Nachbehandlung, um das Ergebnis zu perfektionieren und langanhaltende Freude zu garantieren. Highlights: Optimales Ergebnis:Zweite Sitzung zur Feinabstimmung der H\u00e4rchenzeichnung Sorglos-Paket:Nachbehandlung f\u00fcr ein perfektes und langanhaltendes Ergebnis Exklusiver Service:Individuelle Beratung und Betreuung durch Adeline Das perfekte Geschenk f\u00fcr h\u00f6chste Anspr\u00fcche! Es handelt sich hier um die Behandlung: Microblading mit Nachbehandlung. Der Gutschein gilt f\u00fcr die ganze Behandlung und Nachbehandlung und ist ein Jahr nach Kauf g\u00fcltig. Gutscheine sind vom Umtausch ausgeschlossen und k\u00f6nnen nicht ausgezahlt werden. \u00a0 Wie funktioniert es? Gutschein ausw\u00e4hlen &amp; bestellen Code per E-Mail erhalten und gut aufheben Termin bei Adeline anfragen und den Code mitbringen<\/p>\n","protected":false},"featured_media":4536,"template":"","meta":[],"product_brand":[],"product_cat":[46],"product_tag":[],"class_list":{"0":"post-4592","1":"product","2":"type-product","3":"status-publish","4":"has-post-thumbnail","6":"product_cat-gift","8":"first","9":"outofstock","10":"purchasable","11":"product-type-pw-gift-card"},"_links":{"self":[{"href":"https:\/\/adeline-trenkenschuh.de\/de_de\/wp-json\/wp\/v2\/product\/4592","targetHints":{"allow":["GET"]}}],"collection":[{"href":"https:\/\/adeline-trenkenschuh.de\/de_de\/wp-json\/wp\/v2\/product"}],"about":[{"href":"https:\/\/adeline-trenkenschuh.de\/de_de\/wp-json\/wp\/v2\/types\/product"}],"version-history":[{"count":0,"href":"https:\/\/adeline-trenkenschuh.de\/de_de\/wp-json\/wp\/v2\/product\/4592\/revisions"}],"wp:featuredmedia":[{"embeddable":true,"href":"https:\/\/adeline-trenkenschuh.de\/de_de\/wp-json\/wp\/v2\/media\/4536"}],"wp:attachment":[{"href":"https:\/\/adeline-trenkenschuh.de\/de_de\/wp-json\/wp\/v2\/media?parent=4592"}],"wp:term":[{"taxonomy":"product_brand","embeddable":true,"href":"https:\/\/adeline-trenkenschuh.de\/de_de\/wp-json\/wp\/v2\/product_brand?post=4592"},{"taxonomy":"product_cat","embeddable":true,"href":"https:\/\/adeline-trenkenschuh.de\/de_de\/wp-json\/wp\/v2\/product_cat?post=4592"},{"taxonomy":"product_tag","embeddable":true,"href":"https:\/\/adeline-trenkenschuh.de\/de_de\/wp-json\/wp\/v2\/product_tag?post=4592"}],"curies":[{"name":"wp","href":"https:\/\/api.w.org\/{rel}","templated":true}]}}