{"id":5206,"date":"2026-01-01T10:00:02","date_gmt":"2026-01-01T09:00:02","guid":{"rendered":"https:\/\/adeline-trenkenschuh.de\/?post_type=product&#038;p=5206"},"modified":"2026-02-28T15:26:15","modified_gmt":"2026-02-28T14:26:15","slug":"lashlifting-perfektionskurs-vip","status":"publish","type":"product","link":"https:\/\/adeline-trenkenschuh.de\/de_de\/product\/lashlifting-perfektionskurs-vip","title":{"rendered":"Lashlifting Perfektionskurs (VIP)"},"content":{"rendered":"<p><strong>Lashlifting Perfektionskurs \u2013 Dein Weg zu den besten Techniken!<\/strong><\/p>\n<p>&nbsp;<\/p>\n<p>Tauche in Adeline Trenkenschuhs Lashlifting Perfektionskurs ein und entdecke umfassende Inhalte, von grundlegenden Aspekten bis zu fortgeschrittenen Techniken. In 20 detaillierten Modulen lernst du alles \u2013 von der Wimpernanalyse \u00fcber die Anwendung neuester Technologien bis Korrektur von Lifting-Ergebnissen. Adelines pers\u00f6nliche Betreuung und intensive Fehleranalyse begleiten dich drei Monate lang, w\u00e4hrend du anhand von drei Arbeiten dein Zertifikat erwirbst. Werde Teil einer wachsenden Community und vertiefe dein Wissen durch Videos, Downloads und exklusive Rabatte bei den besten Lashlifting Shops. Deine strahlende Zukunft in der Beauty-Branche beginnt hier!<\/p>\n<p>&nbsp;<\/p>\n<p><strong>Warum Adelines Kurs w\u00e4hlen?<\/strong><\/p>\n<p>&nbsp;<\/p>\n<ul>\n<li><strong>Umfassendster Kurs in Deutschland:<\/strong> Von Grundlagen bis zu Profi-Techniken<\/li>\n<li><strong>Neueste Technologien:<\/strong> Heb Dich ab durch die aktuellsten Lashlifting-Methoden<\/li>\n<li><strong>Praxisnahe Tipps:<\/strong> Profitiere von Adelines Einblicken f\u00fcr deinen Studioalltag<\/li>\n<li><strong>Exklusive Rabatte:<\/strong> Nutze Codes f\u00fcr die besten Lashlifting Shops<\/li>\n<li><strong>Pers\u00f6nliche Betreuung:<\/strong> Erhalte intensive Unterst\u00fctzung direkt von Adeline<\/li>\n<li><strong>Zertifikat &amp; Community:<\/strong> Dein Abschlusszertifikat von einer renommierten Expertin<\/li>\n<li><strong>Exklusiver Zugang zur Kurs-Community<\/strong><\/li>\n<\/ul>\n<p>&nbsp;<\/p>\n","protected":false},"excerpt":{"rendered":"<p>Tauche in Adeline Trenkenschuhs Lashlifting Perfektionskurs ein und entdecke umfassende Inhalte, von grundlegenden Aspekten bis zu fortgeschrittenen Techniken.<\/p>\n","protected":false},"featured_media":11800,"template":"","meta":[],"product_brand":[],"product_cat":[48],"product_tag":[],"class_list":{"0":"post-5206","1":"product","2":"type-product","3":"status-publish","4":"has-post-thumbnail","6":"product_cat-vip","8":"first","9":"outofstock","10":"downloadable","11":"virtual","12":"taxable","13":"purchasable","14":"product-type-simple"},"_links":{"self":[{"href":"https:\/\/adeline-trenkenschuh.de\/de_de\/wp-json\/wp\/v2\/product\/5206","targetHints":{"allow":["GET"]}}],"collection":[{"href":"https:\/\/adeline-trenkenschuh.de\/de_de\/wp-json\/wp\/v2\/product"}],"about":[{"href":"https:\/\/adeline-trenkenschuh.de\/de_de\/wp-json\/wp\/v2\/types\/product"}],"version-history":[{"count":0,"href":"https:\/\/adeline-trenkenschuh.de\/de_de\/wp-json\/wp\/v2\/product\/5206\/revisions"}],"wp:featuredmedia":[{"embeddable":true,"href":"https:\/\/adeline-trenkenschuh.de\/de_de\/wp-json\/wp\/v2\/media\/11800"}],"wp:attachment":[{"href":"https:\/\/adeline-trenkenschuh.de\/de_de\/wp-json\/wp\/v2\/media?parent=5206"}],"wp:term":[{"taxonomy":"product_brand","embeddable":true,"href":"https:\/\/adeline-trenkenschuh.de\/de_de\/wp-json\/wp\/v2\/product_brand?post=5206"},{"taxonomy":"product_cat","embeddable":true,"href":"https:\/\/adeline-trenkenschuh.de\/de_de\/wp-json\/wp\/v2\/product_cat?post=5206"},{"taxonomy":"product_tag","embeddable":true,"href":"https:\/\/adeline-trenkenschuh.de\/de_de\/wp-json\/wp\/v2\/product_tag?post=5206"}],"curies":[{"name":"wp","href":"https:\/\/api.w.org\/{rel}","templated":true}]}}