{"id":5281,"date":"2024-06-14T15:28:48","date_gmt":"2024-06-14T13:28:48","guid":{"rendered":"https:\/\/adeline-trenkenschuh.de\/versand__lieferung"},"modified":"2025-09-25T11:28:05","modified_gmt":"2025-09-25T09:28:05","slug":"versand__lieferung","status":"publish","type":"page","link":"https:\/\/adeline-trenkenschuh.de\/en\/versand__lieferung","title":{"rendered":"Versand &#038; Lieferung"},"content":{"rendered":"\t\t<div data-elementor-type=\"wp-page\" data-elementor-id=\"5281\" class=\"elementor elementor-5281\">\n\t\t\t\t<div class=\"elementor-element elementor-element-41d2823 e-flex e-con-boxed wpr-particle-no wpr-jarallax-no wpr-parallax-no wpr-sticky-section-no wpr-equal-height-no e-con e-parent\" data-id=\"41d2823\" data-element_type=\"container\" data-e-type=\"container\">\n\t\t\t\t\t<div class=\"e-con-inner\">\n\t\t\t\t<div class=\"elementor-element elementor-element-4d62882 elementor-widget elementor-widget-spacer\" data-id=\"4d62882\" data-element_type=\"widget\" data-e-type=\"widget\" data-widget_type=\"spacer.default\">\n\t\t\t\t\t\t\t<div class=\"elementor-spacer\">\n\t\t\t<div class=\"elementor-spacer-inner\"><\/div>\n\t\t<\/div>\n\t\t\t\t\t\t<\/div>\n\t\t\t\t\t<\/div>\n\t\t\t\t<\/div>\n\t\t<div class=\"elementor-element elementor-element-4cc9b2f8 e-flex e-con-boxed wpr-particle-no wpr-jarallax-no wpr-parallax-no wpr-sticky-section-no wpr-equal-height-no e-con e-parent\" data-id=\"4cc9b2f8\" data-element_type=\"container\" data-e-type=\"container\">\n\t\t\t\t\t<div class=\"e-con-inner\">\n\t\t\t\t<div class=\"elementor-element elementor-element-6d89c91a elementor-widget elementor-widget-text-editor\" data-id=\"6d89c91a\" data-element_type=\"widget\" data-e-type=\"widget\" data-widget_type=\"text-editor.default\">\n\t\t\t\t\t\t\t\t\t<h1><strong>Preise, Versandkosten und Lieferinformationen<\/strong><\/h1><p>Die auf den Produktseiten genannten Preise enthalten die gesetzliche Mehrwertsteuer und sonstige Preisbestandteile.<\/p><p>Wir liefern nur europaweit.<\/p><p>Falls physische Artikel verkauft werden berechnen wir f\u00fcr die Lieferung innerhalb Deutschlands und \u00d6sterreichs pauschal [6,90 Euro pro Bestellung]. Die Versandkosten werden Ihnen im Warenkorbsystem und auf der Bestellseite nochmals deutlich mitgeteilt.<\/p><p>Bei Zahlung per Nachnahme wird eine zus\u00e4tzliche Geb\u00fchr in H\u00f6he von [2,- Euro] f\u00e4llig, die der Zusteller vor Ort erhebt. [Weitere Steuern oder Kosten fallen nicht an.]<\/p><p>F\u00fcr digitale Inhalte (E-Books, Software, Online-Kurse etc.) fallen keine Versandkosten an.<\/p><hr \/><p><span style=\"color: #0000ff;\">ENGLISH<\/span><\/p><p><strong>Prices, Shipping Costs, and Delivery Information<\/strong><\/p><p>The prices listed on the product pages include VAT and other price components.<\/p><p>We only ship within Europe.<\/p><p>For physical items sold, we charge a flat rate of [\u20ac6.90 per order] for delivery within Germany and Austria. The shipping costs will be clearly communicated to you in the shopping cart system and on the order page.<\/p><p>For cash on delivery payments, an additional fee of [\u20ac2.00] will be charged, which the delivery person will collect on site. [No other taxes or fees apply.]<\/p><p>There are no shipping costs for digital content (e-books, software, online courses, etc.).<\/p>\t\t\t\t\t\t\t\t<\/div>\n\t\t\t\t\t<\/div>\n\t\t\t\t<\/div>\n\t\t<div class=\"elementor-element elementor-element-987840a e-flex e-con-boxed wpr-particle-no wpr-jarallax-no wpr-parallax-no wpr-sticky-section-no wpr-equal-height-no e-con e-parent\" data-id=\"987840a\" data-element_type=\"container\" data-e-type=\"container\">\n\t\t\t\t\t<div class=\"e-con-inner\">\n\t\t\t\t<div class=\"elementor-element elementor-element-e776233 elementor-widget elementor-widget-text-editor\" data-id=\"e776233\" data-element_type=\"widget\" data-e-type=\"widget\" data-widget_type=\"text-editor.default\">\n\t\t\t\t\t\t\t\t\t<p><strong>Siehe auch:<\/strong><\/p><p><a href=\"https:\/\/adeline-trenkenschuh.de\/datenschutz\">Datenschutz<\/a><\/p><p><a href=\"https:\/\/adeline-trenkenschuh.de\/impressum\">Impressum<\/a><\/p><p><a href=\"https:\/\/adeline-trenkenschuh.de\/allgemeine_geschaeftsbedingungen\">Allgemeine Gesch\u00e4ftsbedingungen<\/a><\/p><p><a href=\"https:\/\/adeline-trenkenschuh.de\/widerruf\">Widerrufsrecht<\/a><\/p>\t\t\t\t\t\t\t\t<\/div>\n\t\t\t\t\t<\/div>\n\t\t\t\t<\/div>\n\t\t\t\t<\/div>\n\t\t","protected":false},"excerpt":{"rendered":"<p>Preise, Versandkosten und Lieferinformationen Die auf den Produktseiten genannten Preise enthalten die gesetzliche Mehrwertsteuer und sonstige Preisbestandteile. Wir liefern nur europaweit. Falls physische Artikel verkauft werden berechnen wir f\u00fcr die Lieferung innerhalb Deutschlands und \u00d6sterreichs pauschal [6,90 Euro pro Bestellung]. Die Versandkosten werden Ihnen im Warenkorbsystem und auf der Bestellseite nochmals deutlich mitgeteilt. Bei Zahlung per Nachnahme wird eine zus\u00e4tzliche Geb\u00fchr in H\u00f6he von [2,- Euro] f\u00e4llig, die der Zusteller vor Ort erhebt. [Weitere Steuern oder Kosten fallen nicht an.] F\u00fcr digitale Inhalte (E-Books, Software, Online-Kurse etc.) fallen keine Versandkosten an. ENGLISH Prices, Shipping Costs, and Delivery Information The prices listed on the product pages include VAT and other price components. We only ship within Europe. For physical items sold, we charge a flat rate of [\u20ac6.90 per order] for delivery within Germany and Austria. The shipping costs will be clearly communicated to you in the shopping cart system and on the order page. For cash on delivery payments, an additional fee of [\u20ac2.00] will be charged, which the delivery person will collect on site. [No other taxes or fees apply.] There are no shipping costs for digital content (e-books, software, online courses, etc.). Siehe auch: Datenschutz Impressum Allgemeine Gesch\u00e4ftsbedingungen Widerrufsrecht<\/p>\n","protected":false},"author":1,"featured_media":0,"parent":0,"menu_order":0,"comment_status":"closed","ping_status":"closed","template":"elementor_canvas","meta":{"footnotes":""},"class_list":["post-5281","page","type-page","status-publish","hentry"],"_links":{"self":[{"href":"https:\/\/adeline-trenkenschuh.de\/en\/wp-json\/wp\/v2\/pages\/5281","targetHints":{"allow":["GET"]}}],"collection":[{"href":"https:\/\/adeline-trenkenschuh.de\/en\/wp-json\/wp\/v2\/pages"}],"about":[{"href":"https:\/\/adeline-trenkenschuh.de\/en\/wp-json\/wp\/v2\/types\/page"}],"author":[{"embeddable":true,"href":"https:\/\/adeline-trenkenschuh.de\/en\/wp-json\/wp\/v2\/users\/1"}],"replies":[{"embeddable":true,"href":"https:\/\/adeline-trenkenschuh.de\/en\/wp-json\/wp\/v2\/comments?post=5281"}],"version-history":[{"count":0,"href":"https:\/\/adeline-trenkenschuh.de\/en\/wp-json\/wp\/v2\/pages\/5281\/revisions"}],"wp:attachment":[{"href":"https:\/\/adeline-trenkenschuh.de\/en\/wp-json\/wp\/v2\/media?parent=5281"}],"curies":[{"name":"wp","href":"https:\/\/api.w.org\/{rel}","templated":true}]}}